{"id":56,"date":"2025-07-30T09:43:55","date_gmt":"2025-07-30T09:43:55","guid":{"rendered":"https:\/\/marxtie.com\/web\/home\/"},"modified":"2025-07-30T11:24:59","modified_gmt":"2025-07-30T11:24:59","slug":"home","status":"publish","type":"page","link":"https:\/\/marxtie.com\/web\/","title":{"rendered":"Accueil"},"content":{"rendered":"\n\n\n\n\nDigitalisation-innovation-Intelligence artificielle\n\n\n\nMa\u00eetrisez votre entreprise avec la digitalisation des processus dop\u00e9e par l\u2019IA.\n\n\n\nBoostez votre transformation digitale gr\u00e2ce \u00e0 l\u2019intelligence artificielle et \u00e0 des solutions technologiques avanc\u00e9es. Que vous souhaitiez automatiser vos processus, optimiser votre productivit\u00e9 ou anticiper les tendances, notre plateforme vous offre des outils intelligents, des recommandations personnalis\u00e9es et une analyse en temps r\u00e9el. Donnez un nouvel \u00e9lan \u00e0 votre activit\u00e9 et fa\u00e7onnez un avenir plus innovant d\u00e8s aujourd\u2019hui.\n\n\n\n\n\n\n\n\n\n<span style=\"color: var(--pagelayer-color-text);\">Une grande capacit\u00e9 \u00e0 fournir des solutions num\u00e9riques et intelligentes, int\u00e9grant la digitalisation des processus et l\u2019IA , pour r\u00e9pondre efficacement \u00e0 vos besoins.<\/span>\n\n\n\n01\n\n\n\n\n\n\n\n<span style=\"color: var(--pagelayer-color-text);\">Notre \u00e9quipe exp\u00e9riment\u00e9e et d\u00e9vou\u00e9e s&rsquo;engage \u00e0 fournir des conseils d&rsquo;experts et des informations strat\u00e9giques pour vous aider \u00e0 atteindre vos objectifs en digitalisation.<\/span>\n\n\n\n02\n\n\n\n\n\n\n\n<span style=\"color: var(--pagelayer-color-text);\">Nous vous aidons \u00e0 prendre des d\u00e9cisions \u00e9clair\u00e9es et bas\u00e9es sur vos donn\u00e9es pour conserver une longueur d&rsquo;avance sur le march\u00e9.<\/span>\n\n\n\n03\n\n\n\n\n\n\n\n\n\n\n\n\n\n\n\n<span style=\"color: #f7f7f7; text-transform: capitalize;\">Satisfaction<\/span> <span style=\"color: #f7f7f7; text-transform: capitalize;\">client<\/span>\n\n\n\n\n\n\n\n\n\n\n\nA propos de nous\n\n\n\nStimuler votre croissance gr\u00e2ce \u00e0 la digitalisation et l&rsquo;IA.\n\n\n\nChez <strong>B&amp;S<\/strong>, nous nous engageons \u00e0 vous aider \u00e0 am\u00e9liorer votre activit\u00e9 gr\u00e2ce \u00e0 des strat\u00e9gies intelligentes et des solutions innovantes. Notre expertise vous permet de mieux g\u00e9rer votre Business afin de prendre des d\u00e9cisions \u00e9clair\u00e9es, d&rsquo;assurer votre avenir et de faire fructifier votre patrimoine en toute confiance.\n\n\n\n\n\n\nDigitalisation\n\n\n\nIntelligence Artificielle\n\n\n\nModernisation\n\n\n\n\n\n\n\nEquipe professionnelle\n\n\n\nCroissance qualitative\n\n\n\nCapacit\u00e9 d&rsquo;analyse\n\n\n\n\n\n\n\n\nMarx kasson TIE\n\n\n\nCEO\n\n\n\n\n\n\n\n\n\n\n\n\n\nUn processus de financement simple en 4 \u00e9tapes\n\n\n\nFaciliter le succ\u00e8s gr\u00e2ce \u00e0 un processus simple\n\n\n\n\n\nEtape\n\n\n\n01\n\n\n\n\n\nDiagnostic &amp; Cadrage\n\n\n\nIdentification des besoins m\u00e9tiers, des processus \u00e0 digitaliser et des opportunit\u00e9s d\u2019int\u00e9gration de l\u2019IA.\n\n\n\n\n\n\n\n\n\nEtape\n\n\n\n02\n\n\n\n\n\nConception des solutions\n\n\n\nConception des solutions num\u00e9riques align\u00e9es sur les objectifs identifi\u00e9s, en int\u00e9grant l\u2019IA de mani\u00e8re pertinente.\n\n\n\n\n\n\n\n\n\nEtape\n\n\n\n03\n\n\n\n\n\nD\u00e9ploiement &amp; Int\u00e9gration\n\n\n\nImpl\u00e9mentation les solutions et int\u00e9gration des modules IA tout en assurant la compatibilit\u00e9 avec l\u2019\u00e9cosyst\u00e8me existant.\n\n\n\n\n\n\n\n\n\nEtape\n\n\n\n04\n\n\n\n\n\nSuivi &amp; optimisation\n\n\n\nMesurer les r\u00e9sultats, affiner les algorithmes, optimiser les processus digitalis\u00e9s.\n\n\n\n\n","protected":false},"excerpt":{"rendered":"","protected":false},"author":1,"featured_media":0,"parent":0,"menu_order":0,"comment_status":"closed","ping_status":"closed","template":"","meta":{"pagelayer_contact_templates":[],"_pagelayer_content":"","footnotes":""},"class_list":["post-56","page","type-page","status-publish","hentry"],"_links":{"self":[{"href":"https:\/\/marxtie.com\/web\/wp-json\/wp\/v2\/pages\/56","targetHints":{"allow":["GET"]}}],"collection":[{"href":"https:\/\/marxtie.com\/web\/wp-json\/wp\/v2\/pages"}],"about":[{"href":"https:\/\/marxtie.com\/web\/wp-json\/wp\/v2\/types\/page"}],"author":[{"embeddable":true,"href":"https:\/\/marxtie.com\/web\/wp-json\/wp\/v2\/users\/1"}],"replies":[{"embeddable":true,"href":"https:\/\/marxtie.com\/web\/wp-json\/wp\/v2\/comments?post=56"}],"version-history":[{"count":19,"href":"https:\/\/marxtie.com\/web\/wp-json\/wp\/v2\/pages\/56\/revisions"}],"predecessor-version":[{"id":90,"href":"https:\/\/marxtie.com\/web\/wp-json\/wp\/v2\/pages\/56\/revisions\/90"}],"wp:attachment":[{"href":"https:\/\/marxtie.com\/web\/wp-json\/wp\/v2\/media?parent=56"}],"curies":[{"name":"wp","href":"https:\/\/api.w.org\/{rel}","templated":true}]}}