{"id":191,"date":"2025-08-01T22:25:32","date_gmt":"2025-08-01T22:25:32","guid":{"rendered":"https:\/\/marxtie.com\/web\/?page_id=191"},"modified":"2025-08-01T22:47:56","modified_gmt":"2025-08-01T22:47:56","slug":"presentation-dirigeant","status":"publish","type":"page","link":"https:\/\/marxtie.com\/web\/presentation-dirigeant\/","title":{"rendered":"Pr\u00e9sentation dirigeant"},"content":{"rendered":"\n\n\nDr Marx kasson tie\n\n<h2 style=\"text-align: center; color: darkblue;\">CEO Business &#038; Software\n<\/h2>\n<div style=\"text-align: justify; font-weight: bold; color: #3399ff;\">\n  Dr. Kasson Marx TIE est un expert chevronn\u00e9 en gestion de projet et en transformation digitale des organisations, avec plus de 20 ans d\u2019exp\u00e9rience dans la conception, le d\u00e9ploiement et la gouvernance de syst\u00e8mes d\u2019information strat\u00e9giques \u00e0 l\u2019\u00e9chelle africaine. Ing\u00e9nieur en syst\u00e8mes informatiques et r\u00e9seaux, titulaire d\u2019un doctorat en gestion de projet, il s\u2019est sp\u00e9cialis\u00e9 dans l\u2019int\u00e9gration des technologies num\u00e9riques et de l\u2019intelligence artificielle au service du d\u00e9veloppement institutionnel, notamment dans les secteurs public, de la sant\u00e9, de l\u2019\u00e9ducation et du foncier.\n<\/div>\n\n<div style=\"text-align: justify; font-weight: bold; color: #3399ff;\">\n  Son parcours professionnel est jalonn\u00e9 de missions \u00e0 fort impact r\u00e9alis\u00e9es pour des institutions de renom telles que la Banque mondiale, l\u2019Union europ\u00e9enne, l\u2019AFD, l\u2019UNICEF, le PNUD, Enabel et l\u2019OMS. Il a dirig\u00e9 des projets complexes de digitalisation, d\u2019automatisation des processus m\u00e9tier, de mise en place de bases de donn\u00e9es s\u00e9curis\u00e9es, de plateformes e-gouvernement, ainsi que de syst\u00e8mes d\u2019information hospitaliers et logistiques interop\u00e9rables.\n<\/div>\n\n<div style=\"text-align: justify; font-weight: bold; color: #3399ff;\">\n  Dot\u00e9 d\u2019un sens aigu de l\u2019organisation et d\u2019une grande capacit\u00e9 \u00e0 collaborer avec des \u00e9quipes multisectorielles, y compris des non-informaticiens, Dr. TIE s\u2019illustre par sa capacit\u00e9 \u00e0 conduire des projets structurants, \u00e0 renforcer les comp\u00e9tences locales et \u00e0 faire du num\u00e9rique un v\u00e9ritable levier de transformation et d\u2019efficacit\u00e9.\n<\/div>\n\n\n\n\n\n\n\n\n\n\n\n\n\n\n\n\n\n\n\n\n\n\n\n\n\n\n\n\n\n\n\n\n\n\n\n\n\n","protected":false},"excerpt":{"rendered":"","protected":false},"author":1,"featured_media":0,"parent":0,"menu_order":0,"comment_status":"closed","ping_status":"closed","template":"","meta":{"pagelayer_contact_templates":[],"_pagelayer_content":"","footnotes":""},"class_list":["post-191","page","type-page","status-publish","hentry"],"_links":{"self":[{"href":"https:\/\/marxtie.com\/web\/wp-json\/wp\/v2\/pages\/191","targetHints":{"allow":["GET"]}}],"collection":[{"href":"https:\/\/marxtie.com\/web\/wp-json\/wp\/v2\/pages"}],"about":[{"href":"https:\/\/marxtie.com\/web\/wp-json\/wp\/v2\/types\/page"}],"author":[{"embeddable":true,"href":"https:\/\/marxtie.com\/web\/wp-json\/wp\/v2\/users\/1"}],"replies":[{"embeddable":true,"href":"https:\/\/marxtie.com\/web\/wp-json\/wp\/v2\/comments?post=191"}],"version-history":[{"count":7,"href":"https:\/\/marxtie.com\/web\/wp-json\/wp\/v2\/pages\/191\/revisions"}],"predecessor-version":[{"id":201,"href":"https:\/\/marxtie.com\/web\/wp-json\/wp\/v2\/pages\/191\/revisions\/201"}],"wp:attachment":[{"href":"https:\/\/marxtie.com\/web\/wp-json\/wp\/v2\/media?parent=191"}],"curies":[{"name":"wp","href":"https:\/\/api.w.org\/{rel}","templated":true}]}}