{"id":181,"date":"2025-08-01T12:03:03","date_gmt":"2025-08-01T12:03:03","guid":{"rendered":"https:\/\/marxtie.com\/web\/?page_id=181"},"modified":"2025-09-17T17:55:49","modified_gmt":"2025-09-17T17:55:49","slug":"logiciels-disponibles","status":"publish","type":"page","link":"https:\/\/marxtie.com\/web\/logiciels-disponibles\/","title":{"rendered":"Logiciels disponibles"},"content":{"rendered":"\n\n\n\n\n\n\nLogiciels disponibles\n\n\n\n<p style=\"text-align: justify;\"><span style=\"color:#e60000;\">PIMS <\/span>est un syst\u00e8me d\u2019information int\u00e9gr\u00e9, orient\u00e9 technologies de l\u2019information (Web &amp; Mobile), con\u00e7u pour inventorier, analyser, maintenir et valoriser l\u2019ensemble du patrimoine sanitaire d\u2019un pays.<\/p>\n\n\n<p style=\"text-align: justify;\"><span style=\"color:#e60000;\">Quantiq+<\/span> est d\u00e9di\u00e9e \u00e0 la gestion du suivi-\u00e9valuation des projets multisectoriels. Elle permet de structurer la cha\u00eene des r\u00e9sultats tout en int\u00e9grant les indicateurs v\u00e9rifiables, les hypoth\u00e8ses et les risques<\/p>\n\n\n<p style=\"text-align: justify;\"><span style=\"color:#e60000;\">StratCost<\/span> est une Solution int\u00e9gr\u00e9e de gestion budg\u00e9taire, comptabilit\u00e9 analytique et pilotage strat\u00e9gique adapt\u00e9 aux entreprises de travaux publics, d&rsquo;am\u00e9nagement et de prestation services.<\/p>\n\n\n\n\n<p style=\"text-align: justify;\">La GMAO&nbsp; est un syst\u00e8me int\u00e9gr\u00e9 de gestion mis au service de l&rsquo;entreprise pour faciliter le travail quotidien de la Maintenance.<\/p>\n\n\n<p style=\"text-align: justify;\">Le syst\u00e8me de gestion de stock de fourniture, de carburant et des immobilisations est un syst\u00e8me int\u00e9gr\u00e9 destin\u00e9es aux structures publiques, priv\u00e9s et aux projets.<\/p>\n\n\n<p style=\"text-align: justify;\">Le syst\u00e8me de gestion commerciale est adapt\u00e9e aux entreprises de vente de gros, de d\u00e9tails ainsi qu&rsquo;aux grandes surfaces. Il int\u00e8gre tous les outils n\u00e9cessaires \u00e0 la gestion de l&rsquo;activit\u00e9 commerciale.<\/p>\n\n\n\n\n","protected":false},"excerpt":{"rendered":"","protected":false},"author":1,"featured_media":0,"parent":0,"menu_order":0,"comment_status":"closed","ping_status":"closed","template":"","meta":{"pagelayer_contact_templates":[],"_pagelayer_content":"","footnotes":""},"class_list":["post-181","page","type-page","status-publish","hentry"],"_links":{"self":[{"href":"https:\/\/marxtie.com\/web\/wp-json\/wp\/v2\/pages\/181","targetHints":{"allow":["GET"]}}],"collection":[{"href":"https:\/\/marxtie.com\/web\/wp-json\/wp\/v2\/pages"}],"about":[{"href":"https:\/\/marxtie.com\/web\/wp-json\/wp\/v2\/types\/page"}],"author":[{"embeddable":true,"href":"https:\/\/marxtie.com\/web\/wp-json\/wp\/v2\/users\/1"}],"replies":[{"embeddable":true,"href":"https:\/\/marxtie.com\/web\/wp-json\/wp\/v2\/comments?post=181"}],"version-history":[{"count":15,"href":"https:\/\/marxtie.com\/web\/wp-json\/wp\/v2\/pages\/181\/revisions"}],"predecessor-version":[{"id":325,"href":"https:\/\/marxtie.com\/web\/wp-json\/wp\/v2\/pages\/181\/revisions\/325"}],"wp:attachment":[{"href":"https:\/\/marxtie.com\/web\/wp-json\/wp\/v2\/media?parent=181"}],"curies":[{"name":"wp","href":"https:\/\/api.w.org\/{rel}","templated":true}]}}