{"id":169,"date":"2025-08-01T11:56:22","date_gmt":"2025-08-01T11:56:22","guid":{"rendered":"https:\/\/marxtie.com\/web\/?page_id=169"},"modified":"2025-08-04T11:25:26","modified_gmt":"2025-08-04T11:25:26","slug":"formation","status":"publish","type":"page","link":"https:\/\/marxtie.com\/web\/formation\/","title":{"rendered":"Formation"},"content":{"rendered":"\n\n\n\n\n\n\nFORMATION\n\n<p style=\"text-align: justify;\">Chez <strong>Business &amp; Software<\/strong>, nous croyons que la r\u00e9ussite d\u2019un projet technologique repose autant sur la qualit\u00e9 des outils que sur la mont\u00e9e en comp\u00e9tence des utilisateurs. C\u2019est pourquoi nous proposons des formations professionnelles sur mesure, con\u00e7ues pour renforcer les capacit\u00e9s techniques, organisationnelles et strat\u00e9giques des acteurs du secteur public, priv\u00e9 et du d\u00e9veloppement.<\/p>\n\n\n<p style=\"text-align: justify;\">Formation \u00e0 la conception, la mise en place et la gestion de syst\u00e8mes d&rsquo;information performants et de bases de donn\u00e9es relationnelles ou orient\u00e9es objet, en tenant compte des enjeux de s\u00e9curit\u00e9, d\u2019accessibilit\u00e9 et d\u2019int\u00e9grit\u00e9 des donn\u00e9es.<\/p>\n\n\n<p style=\"text-align: justify;\">Accompagnement \u00e0 la compr\u00e9hension des enjeux de la transformation num\u00e9rique, adoption des technologies \u00e9mergentes (IA, cloud, IoT\u2026) et pilotage strat\u00e9gique de l\u2019innovation au sein des organisations.<\/p>\n\n\n<p style=\"text-align: justify;\">Renforcement des capacit\u00e9s en s\u00e9curisation des syst\u00e8mes informatiques, gestion des risques cyber, et mise en conformit\u00e9 avec les r\u00e9glementations internationales sur la protection des donn\u00e9es personnelles (RGPD, ISO 27001\u2026).<\/p>\n\n\n\n\n<p style=\"text-align: justify;\">Ma\u00eetrise des outils, m\u00e9thodes et bonnes pratiques pour piloter efficacement des projets informatiques, de la planification \u00e0 la livraison, selon les r\u00e9f\u00e9rentiels internationaux reconnus (PMI, PRINCE2, ISO 21500).<\/p>\n\n\n<p style=\"text-align: justify;\">Apprentissage des techniques de configuration, supervision et s\u00e9curisation des r\u00e9seaux informatiques (LAN, WAN, Wi-Fi), ainsi que de la gestion des serveurs et des infrastructures physiques ou virtuelles.<\/p>\n\n\n<p style=\"text-align: justify;\">Acquisition des comp\u00e9tences pour exploiter les donn\u00e9es strat\u00e9giques \u00e0 travers la mise en place de syst\u00e8mes de Business Intelligence, entrep\u00f4ts de donn\u00e9es et outils d\u2019aide \u00e0 la d\u00e9cision.<\/p>\n\n\n\n\n","protected":false},"excerpt":{"rendered":"","protected":false},"author":1,"featured_media":0,"parent":0,"menu_order":0,"comment_status":"closed","ping_status":"closed","template":"","meta":{"pagelayer_contact_templates":[],"_pagelayer_content":"","footnotes":""},"class_list":["post-169","page","type-page","status-publish","hentry"],"_links":{"self":[{"href":"https:\/\/marxtie.com\/web\/wp-json\/wp\/v2\/pages\/169","targetHints":{"allow":["GET"]}}],"collection":[{"href":"https:\/\/marxtie.com\/web\/wp-json\/wp\/v2\/pages"}],"about":[{"href":"https:\/\/marxtie.com\/web\/wp-json\/wp\/v2\/types\/page"}],"author":[{"embeddable":true,"href":"https:\/\/marxtie.com\/web\/wp-json\/wp\/v2\/users\/1"}],"replies":[{"embeddable":true,"href":"https:\/\/marxtie.com\/web\/wp-json\/wp\/v2\/comments?post=169"}],"version-history":[{"count":5,"href":"https:\/\/marxtie.com\/web\/wp-json\/wp\/v2\/pages\/169\/revisions"}],"predecessor-version":[{"id":252,"href":"https:\/\/marxtie.com\/web\/wp-json\/wp\/v2\/pages\/169\/revisions\/252"}],"wp:attachment":[{"href":"https:\/\/marxtie.com\/web\/wp-json\/wp\/v2\/media?parent=169"}],"curies":[{"name":"wp","href":"https:\/\/api.w.org\/{rel}","templated":true}]}}