{"id":166,"date":"2025-08-01T11:56:00","date_gmt":"2025-08-01T11:56:00","guid":{"rendered":"https:\/\/marxtie.com\/web\/?page_id=166"},"modified":"2025-08-04T11:08:13","modified_gmt":"2025-08-04T11:08:13","slug":"gestion-de-projet","status":"publish","type":"page","link":"https:\/\/marxtie.com\/web\/gestion-de-projet\/","title":{"rendered":"Gestion de projet"},"content":{"rendered":"\n\n\n\n\n\n\nGEstion de projets\n\n\n\n<p style=\"text-align: justify;\">Analyse approfondie des besoins m\u00e9tier et des enjeux organisationnels afin de d\u00e9finir les objectifs, les livrables attendus, les parties prenantes et la viabilit\u00e9 du projet. Cette \u00e9tape permet de construire une vision claire, partag\u00e9e et r\u00e9aliste du projet avant son lancement.<\/p>\n\n\n<p style=\"text-align: justify;\">\u00c9laboration de l\u2019architecture du projet (p\u00e9rim\u00e8tre, planning, ressources, budget, risques) avec des outils de gestion structur\u00e9s. L\u2019objectif est d\u2019organiser le projet de fa\u00e7on optimale pour garantir son ex\u00e9cution ma\u00eetris\u00e9e.<\/p>\n\n\n<p style=\"text-align: justify;\">Coordination de l\u2019ensemble des activit\u00e9s, \u00e9quipes et partenaires impliqu\u00e9s dans le projet. Cette phase assure le suivi de l\u2019ex\u00e9cution, la gestion des al\u00e9as, le respect des d\u00e9lais, et la communication r\u00e9guli\u00e8re avec les parties prenantes.<\/p>\n\n\n\n\n<p style=\"text-align: justify;\">Supervision des phases critiques de mise en production, tests utilisateurs, formation et accompagnement au changement. Une \u00e9valuation post-projet est men\u00e9e pour mesurer les r\u00e9sultats et capitaliser les acquis.<\/p>\n\n\n<p style=\"text-align: justify;\">D\u00e9ploiement de solutions digitales (tableaux de bord, logiciels de gestion de projet, plateformes collaboratives) pour assurer un suivi efficace, en temps r\u00e9el, des indicateurs de performance et de l\u2019\u00e9tat d\u2019avancement.<\/p>\n\n\n<p style=\"text-align: justify;\">Appui \u00e0 la structuration des \u00e9quipes projet \u00e0 travers des formations, du coaching et la mise \u00e0 disposition de r\u00e9f\u00e9rentiels. Objectif : d\u00e9velopper une culture projet durable et autonome au sein des organisations clientes.<\/p>\n\n\n\n\n","protected":false},"excerpt":{"rendered":"","protected":false},"author":1,"featured_media":0,"parent":0,"menu_order":0,"comment_status":"closed","ping_status":"closed","template":"","meta":{"pagelayer_contact_templates":[],"_pagelayer_content":"","footnotes":""},"class_list":["post-166","page","type-page","status-publish","hentry"],"_links":{"self":[{"href":"https:\/\/marxtie.com\/web\/wp-json\/wp\/v2\/pages\/166","targetHints":{"allow":["GET"]}}],"collection":[{"href":"https:\/\/marxtie.com\/web\/wp-json\/wp\/v2\/pages"}],"about":[{"href":"https:\/\/marxtie.com\/web\/wp-json\/wp\/v2\/types\/page"}],"author":[{"embeddable":true,"href":"https:\/\/marxtie.com\/web\/wp-json\/wp\/v2\/users\/1"}],"replies":[{"embeddable":true,"href":"https:\/\/marxtie.com\/web\/wp-json\/wp\/v2\/comments?post=166"}],"version-history":[{"count":4,"href":"https:\/\/marxtie.com\/web\/wp-json\/wp\/v2\/pages\/166\/revisions"}],"predecessor-version":[{"id":248,"href":"https:\/\/marxtie.com\/web\/wp-json\/wp\/v2\/pages\/166\/revisions\/248"}],"wp:attachment":[{"href":"https:\/\/marxtie.com\/web\/wp-json\/wp\/v2\/media?parent=166"}],"curies":[{"name":"wp","href":"https:\/\/api.w.org\/{rel}","templated":true}]}}