{"id":160,"date":"2025-08-01T11:55:24","date_gmt":"2025-08-01T11:55:24","guid":{"rendered":"https:\/\/marxtie.com\/web\/?page_id=160"},"modified":"2025-08-04T09:08:51","modified_gmt":"2025-08-04T09:08:51","slug":"audit-et-schema-directeur","status":"publish","type":"page","link":"https:\/\/marxtie.com\/web\/audit-et-schema-directeur\/","title":{"rendered":"Audit et Sch\u00e9ma Directeur"},"content":{"rendered":"\n\n\n\n\n\n\nAudit &amp; Sch\u00e9ma Directeur sI\n\n\n\n<p style=\"text-align: justify;\">L\u2019audit de syst\u00e8me d&rsquo;information vise \u00e0 \u00e9valuer la pertinence, l&rsquo;int\u00e9grit\u00e9, la s\u00e9curit\u00e9 et la performance de votre syst\u00e8me, dans une logique d&rsquo;am\u00e9lioration continue.&nbsp;<span style=\"text-align: left;\">Notre approche couvre :<\/span><\/p><span style=\"color: rgb(0, 102, 204);\"><p style=\"text-align: left;\">&#8211; L\u2019environnement technologique (infrastructure, r\u00e9seaux, \u00e9quipements\u2026)<\/p><p style=\"text-align: left;\">&#8211; La qualit\u00e9 et la pertinence des donn\u00e9es (flux, int\u00e9grit\u00e9, coh\u00e9rence\u2026)<\/p><p style=\"text-align: left;\">&#8211; Les fonctionnalit\u00e9s et la couverture des syst\u00e8mes applicatifs<\/p><p style=\"text-align: left;\">&#8211; Les proc\u00e9dures de traitement (automatis\u00e9es et manuelles)<\/p><p style=\"text-align: left;\">&#8211; La s\u00e9curit\u00e9 informatique et la protection des actifs num\u00e9riques<\/p><p style=\"text-align: left;\">&#8211; L\u2019analyse des postes de travail et des cycles op\u00e9rationnels<\/p><p style=\"text-align: left;\">&#8211; L\u2019assistance \u00e0 l\u2019audit des comptes (liens entre SI et donn\u00e9es financi\u00e8res)<\/p><\/span><p style=\"text-align: left;\"><\/p>\n\n\n\n\n\n\n\n<p style=\"text-align: justify;\">Le sch\u00e9ma directeur constitue votre boussole strat\u00e9gique pour construire un syst\u00e8me d\u2019information align\u00e9 sur vos objectifs m\u00e9tiers et anticiper les \u00e9volutions technologiques et organisationnelles. Avec notre m\u00e9thodologie ENVOL+, nous intervenons selon 3 phases structurantes et prduisons un sch\u00e9ma directeur de SI qui vous permettra de :<\/p><span style=\"color:#0066cc;\"><p style=\"text-align: justify;\">&#8211; D\u00e9finir vos besoins futurs en mati\u00e8re d\u2019information<\/p><p style=\"text-align: justify;\">&#8211; Anticiper l\u2019introduction de nouvelles technologies (IA, Cloud, cybers\u00e9curit\u00e9\u2026)<\/p><p style=\"text-align: justify;\">&#8211; Identifier les moyens (techniques, humains, financiers) \u00e0 mobiliser<\/p><p style=\"text-align: justify;\">&#8211; Planifier les \u00e9tapes de mise en \u0153uvre<\/p><p style=\"text-align: justify;\">&#8211; Assurer la coh\u00e9rence de votre syst\u00e8me avec votre strat\u00e9gie globale<\/p><\/span><p style=\"text-align: justify;\"><\/p>\n\n\n\n\n","protected":false},"excerpt":{"rendered":"","protected":false},"author":1,"featured_media":0,"parent":0,"menu_order":0,"comment_status":"closed","ping_status":"closed","template":"","meta":{"pagelayer_contact_templates":[],"_pagelayer_content":"","footnotes":""},"class_list":["post-160","page","type-page","status-publish","hentry"],"_links":{"self":[{"href":"https:\/\/marxtie.com\/web\/wp-json\/wp\/v2\/pages\/160","targetHints":{"allow":["GET"]}}],"collection":[{"href":"https:\/\/marxtie.com\/web\/wp-json\/wp\/v2\/pages"}],"about":[{"href":"https:\/\/marxtie.com\/web\/wp-json\/wp\/v2\/types\/page"}],"author":[{"embeddable":true,"href":"https:\/\/marxtie.com\/web\/wp-json\/wp\/v2\/users\/1"}],"replies":[{"embeddable":true,"href":"https:\/\/marxtie.com\/web\/wp-json\/wp\/v2\/comments?post=160"}],"version-history":[{"count":8,"href":"https:\/\/marxtie.com\/web\/wp-json\/wp\/v2\/pages\/160\/revisions"}],"predecessor-version":[{"id":240,"href":"https:\/\/marxtie.com\/web\/wp-json\/wp\/v2\/pages\/160\/revisions\/240"}],"wp:attachment":[{"href":"https:\/\/marxtie.com\/web\/wp-json\/wp\/v2\/media?parent=160"}],"curies":[{"name":"wp","href":"https:\/\/api.w.org\/{rel}","templated":true}]}}